{"id":1483,"date":"2025-07-25T22:40:47","date_gmt":"2025-07-25T20:40:47","guid":{"rendered":"https:\/\/senasoft.cloudsenactpi.net\/?page_id=1483"},"modified":"2025-07-29T19:19:27","modified_gmt":"2025-07-29T17:19:27","slug":"infrestructura","status":"publish","type":"page","link":"https:\/\/senasoft.cloudsenactpi.net\/index.php\/infrestructura\/","title":{"rendered":"Infrestructura"},"content":{"rendered":"\t\t<div data-elementor-type=\"wp-page\" data-elementor-id=\"1483\" class=\"elementor elementor-1483\">\n\t\t\t\t\t\t<section class=\"elementor-section elementor-top-section elementor-element elementor-element-6dfc87d5 elementor-section-boxed elementor-section-height-default elementor-section-height-default\" data-id=\"6dfc87d5\" data-element_type=\"section\" data-settings=\"{&quot;background_background&quot;:&quot;slideshow&quot;,&quot;background_slideshow_gallery&quot;:[{&quot;id&quot;:1317,&quot;url&quot;:&quot;https:\\\/\\\/senasoft.cloudsenactpi.net\\\/wp-content\\\/uploads\\\/2025\\\/07\\\/54023811611_aaf5bcca53_c.jpg&quot;},{&quot;id&quot;:1312,&quot;url&quot;:&quot;https:\\\/\\\/senasoft.cloudsenactpi.net\\\/wp-content\\\/uploads\\\/2025\\\/07\\\/2.jpg&quot;},{&quot;id&quot;:1313,&quot;url&quot;:&quot;https:\\\/\\\/senasoft.cloudsenactpi.net\\\/wp-content\\\/uploads\\\/2025\\\/07\\\/3.jpg&quot;},{&quot;id&quot;:1314,&quot;url&quot;:&quot;https:\\\/\\\/senasoft.cloudsenactpi.net\\\/wp-content\\\/uploads\\\/2025\\\/07\\\/4.jpg&quot;},{&quot;id&quot;:1315,&quot;url&quot;:&quot;https:\\\/\\\/senasoft.cloudsenactpi.net\\\/wp-content\\\/uploads\\\/2025\\\/07\\\/5.jpg&quot;},{&quot;id&quot;:1316,&quot;url&quot;:&quot;https:\\\/\\\/senasoft.cloudsenactpi.net\\\/wp-content\\\/uploads\\\/2025\\\/07\\\/6.jpg&quot;}],&quot;background_slideshow_slide_duration&quot;:3000,&quot;background_slideshow_transition_duration&quot;:1000,&quot;background_slideshow_ken_burns&quot;:&quot;yes&quot;,&quot;background_slideshow_ken_burns_zoom_direction&quot;:&quot;out&quot;,&quot;background_slideshow_loop&quot;:&quot;yes&quot;,&quot;background_slideshow_slide_transition&quot;:&quot;fade&quot;}\">\n\t\t\t\t\t\t\t<div class=\"elementor-background-overlay\"><\/div>\n\t\t\t\t\t\t\t<div class=\"elementor-container elementor-column-gap-default\">\n\t\t\t\t\t<div class=\"elementor-column elementor-col-100 elementor-top-column elementor-element elementor-element-6a219bb3\" data-id=\"6a219bb3\" data-element_type=\"column\">\n\t\t\t<div class=\"elementor-widget-wrap elementor-element-populated\">\n\t\t\t\t\t\t<div class=\"elementor-element elementor-element-156be96b elementor-widget__width-initial elementor-widget elementor-widget-elementskit-heading\" data-id=\"156be96b\" data-element_type=\"widget\" data-widget_type=\"elementskit-heading.default\">\n\t\t\t\t<div class=\"elementor-widget-container\">\n\t\t\t\t\t<div class=\"ekit-wid-con\" ><div class=\"ekit-heading elementskit-section-title-wraper text_left   ekit_heading_tablet-   ekit_heading_mobile-\"><h2 class=\"ekit-heading--title elementskit-section-title \">Infraestructura<\/h2><\/div><\/div>\t\t\t\t<\/div>\n\t\t\t\t<\/div>\n\t\t\t\t\t<\/div>\n\t\t<\/div>\n\t\t\t\t\t<\/div>\n\t\t<\/section>\n\t\t\t\t<section class=\"elementor-section elementor-top-section elementor-element elementor-element-4ee2effa elementor-section-boxed elementor-section-height-default elementor-section-height-default\" data-id=\"4ee2effa\" data-element_type=\"section\">\n\t\t\t\t\t\t<div class=\"elementor-container elementor-column-gap-default\">\n\t\t\t\t\t<div class=\"elementor-column elementor-col-100 elementor-top-column elementor-element elementor-element-4d1bf0f3\" data-id=\"4d1bf0f3\" data-element_type=\"column\">\n\t\t\t<div class=\"elementor-widget-wrap elementor-element-populated\">\n\t\t\t\t\t\t<div class=\"elementor-element elementor-element-f81d674 elementor-widget elementor-widget-heading\" data-id=\"f81d674\" data-element_type=\"widget\" data-widget_type=\"heading.default\">\n\t\t\t\t<div class=\"elementor-widget-container\">\n\t\t\t\t\t<h2 class=\"elementor-heading-title elementor-size-default\">Categorias que la componen<\/h2>\t\t\t\t<\/div>\n\t\t\t\t<\/div>\n\t\t\t\t\t<\/div>\n\t\t<\/div>\n\t\t\t\t\t<\/div>\n\t\t<\/section>\n\t\t\t\t<section class=\"elementor-section elementor-top-section elementor-element elementor-element-ffca7b7 elementor-section-boxed elementor-section-height-default elementor-section-height-default\" data-id=\"ffca7b7\" data-element_type=\"section\">\n\t\t\t\t\t\t<div class=\"elementor-container elementor-column-gap-default\">\n\t\t\t\t\t<div class=\"elementor-column elementor-col-100 elementor-top-column elementor-element elementor-element-9c010ae\" data-id=\"9c010ae\" data-element_type=\"column\">\n\t\t\t<div class=\"elementor-widget-wrap elementor-element-populated\">\n\t\t\t\t\t\t<div class=\"elementor-element elementor-element-f005b73 elementor-widget elementor-widget-heading\" data-id=\"f005b73\" data-element_type=\"widget\" data-widget_type=\"heading.default\">\n\t\t\t\t<div class=\"elementor-widget-container\">\n\t\t\t\t\t<h2 class=\"elementor-heading-title elementor-size-default\">Ciberseguridad<\/h2>\t\t\t\t<\/div>\n\t\t\t\t<\/div>\n\t\t<div class=\"elementor-element elementor-element-ccf3ff6 e-grid e-con-boxed e-con e-parent\" data-id=\"ccf3ff6\" data-element_type=\"container\">\n\t\t\t\t\t<div class=\"e-con-inner\">\n\t\t\t\t<div class=\"elementor-element elementor-element-265e4c3 elementor-widget elementor-widget-text-editor\" data-id=\"265e4c3\" data-element_type=\"widget\" data-widget_type=\"text-editor.default\">\n\t\t\t\t<div class=\"elementor-widget-container\">\n\t\t\t\t\t\t\t\t\t<p>La Ciberseguridad representa un componente esencial para los profesionales que buscan desarrollarse en el \u00e1mbito de las Tecnolog\u00edas de la Informaci\u00f3n y Comunicaciones (TIC). los participantes enfrentar\u00e1n desaf\u00edos pr\u00e1cticos que simular\u00e1n escenarios reales del sector,<\/p>\t\t\t\t\t\t\t\t<\/div>\n\t\t\t\t<\/div>\n\t\t\t\t<div class=\"elementor-element elementor-element-e26deed elementor-widget elementor-widget-image\" data-id=\"e26deed\" data-element_type=\"widget\" data-widget_type=\"image.default\">\n\t\t\t\t<div class=\"elementor-widget-container\">\n\t\t\t\t\t\t\t\t\t\t\t\t\t\t\t<img fetchpriority=\"high\" decoding=\"async\" width=\"640\" height=\"427\" src=\"https:\/\/senasoft.cloudsenactpi.net\/wp-content\/uploads\/2025\/07\/ciberseguridad.jpg\" class=\"attachment-large size-large wp-image-1491\" alt=\"\" srcset=\"https:\/\/senasoft.cloudsenactpi.net\/wp-content\/uploads\/2025\/07\/ciberseguridad.jpg 799w, https:\/\/senasoft.cloudsenactpi.net\/wp-content\/uploads\/2025\/07\/ciberseguridad-300x200.jpg 300w, https:\/\/senasoft.cloudsenactpi.net\/wp-content\/uploads\/2025\/07\/ciberseguridad-768x512.jpg 768w, https:\/\/senasoft.cloudsenactpi.net\/wp-content\/uploads\/2025\/07\/ciberseguridad-600x400.jpg 600w\" sizes=\"(max-width: 640px) 100vw, 640px\" \/>\t\t\t\t\t\t\t\t\t\t\t\t\t\t\t<\/div>\n\t\t\t\t<\/div>\n\t\t\t\t\t<\/div>\n\t\t\t\t<\/div>\n\t\t\t\t<div class=\"elementor-element elementor-element-3f0bc52 elementor-widget-divider--view-line_icon elementor-view-framed elementor-widget-divider--element-align-center elementor-widget elementor-widget-divider\" data-id=\"3f0bc52\" data-element_type=\"widget\" data-widget_type=\"divider.default\">\n\t\t\t\t<div class=\"elementor-widget-container\">\n\t\t\t\t\t\t\t<div class=\"elementor-divider\">\n\t\t\t<span class=\"elementor-divider-separator\">\n\t\t\t\t\t\t\t<div class=\"elementor-icon elementor-divider__element\">\n\t\t\t\t\t<svg aria-hidden=\"true\" class=\"e-font-icon-svg e-far-building\" viewBox=\"0 0 448 512\" xmlns=\"http:\/\/www.w3.org\/2000\/svg\"><path d=\"M128 148v-40c0-6.6 5.4-12 12-12h40c6.6 0 12 5.4 12 12v40c0 6.6-5.4 12-12 12h-40c-6.6 0-12-5.4-12-12zm140 12h40c6.6 0 12-5.4 12-12v-40c0-6.6-5.4-12-12-12h-40c-6.6 0-12 5.4-12 12v40c0 6.6 5.4 12 12 12zm-128 96h40c6.6 0 12-5.4 12-12v-40c0-6.6-5.4-12-12-12h-40c-6.6 0-12 5.4-12 12v40c0 6.6 5.4 12 12 12zm128 0h40c6.6 0 12-5.4 12-12v-40c0-6.6-5.4-12-12-12h-40c-6.6 0-12 5.4-12 12v40c0 6.6 5.4 12 12 12zm-76 84v-40c0-6.6-5.4-12-12-12h-40c-6.6 0-12 5.4-12 12v40c0 6.6 5.4 12 12 12h40c6.6 0 12-5.4 12-12zm76 12h40c6.6 0 12-5.4 12-12v-40c0-6.6-5.4-12-12-12h-40c-6.6 0-12 5.4-12 12v40c0 6.6 5.4 12 12 12zm180 124v36H0v-36c0-6.6 5.4-12 12-12h19.5V24c0-13.3 10.7-24 24-24h337c13.3 0 24 10.7 24 24v440H436c6.6 0 12 5.4 12 12zM79.5 463H192v-67c0-6.6 5.4-12 12-12h40c6.6 0 12 5.4 12 12v67h112.5V49L80 48l-.5 415z\"><\/path><\/svg><\/div>\n\t\t\t\t\t\t<\/span>\n\t\t<\/div>\n\t\t\t\t\t\t<\/div>\n\t\t\t\t<\/div>\n\t\t\t\t\t<\/div>\n\t\t<\/div>\n\t\t\t\t\t<\/div>\n\t\t<\/section>\n\t\t\t\t<section class=\"elementor-section elementor-top-section elementor-element elementor-element-b560823 elementor-section-boxed elementor-section-height-default elementor-section-height-default\" data-id=\"b560823\" data-element_type=\"section\">\n\t\t\t\t\t\t<div class=\"elementor-container elementor-column-gap-default\">\n\t\t\t\t\t<div class=\"elementor-column elementor-col-100 elementor-top-column elementor-element elementor-element-f3e8665\" data-id=\"f3e8665\" data-element_type=\"column\">\n\t\t\t<div class=\"elementor-widget-wrap elementor-element-populated\">\n\t\t\t\t\t\t<div class=\"elementor-element elementor-element-41ef840 elementor-widget elementor-widget-heading\" data-id=\"41ef840\" data-element_type=\"widget\" data-widget_type=\"heading.default\">\n\t\t\t\t<div class=\"elementor-widget-container\">\n\t\t\t\t\t<h2 class=\"elementor-heading-title elementor-size-default\">Redes<\/h2>\t\t\t\t<\/div>\n\t\t\t\t<\/div>\n\t\t<div class=\"elementor-element elementor-element-60588fa e-grid e-con-boxed e-con e-parent\" data-id=\"60588fa\" data-element_type=\"container\">\n\t\t\t\t\t<div class=\"e-con-inner\">\n\t\t\t\t<div class=\"elementor-element elementor-element-afe1271 elementor-widget elementor-widget-text-editor\" data-id=\"afe1271\" data-element_type=\"widget\" data-widget_type=\"text-editor.default\">\n\t\t\t\t<div class=\"elementor-widget-container\">\n\t\t\t\t\t\t\t\t\t<p>Los participantes desarrollar\u00e1n y solucionar\u00e1n actividades de los escenarios planteados o retos, desde el an\u00e1lisis de los requerimientos de la red y la elaboraci\u00f3n del dise\u00f1o acorde a las necesidades de la red, hasta la realizaci\u00f3n de pruebas exhaustivas, para asegurar el correcto funcionamiento de cada dispositivo final e intermediarios, aplicando las pol\u00edticas de seguridad de infraestructura y ciberseguridad, que se requiere para que una red funcione de forma eficaz, generando as\u00ed los productos\u00a0finales.<\/p>\t\t\t\t\t\t\t\t<\/div>\n\t\t\t\t<\/div>\n\t\t\t\t<div class=\"elementor-element elementor-element-b41570f elementor-widget elementor-widget-image\" data-id=\"b41570f\" data-element_type=\"widget\" data-widget_type=\"image.default\">\n\t\t\t\t<div class=\"elementor-widget-container\">\n\t\t\t\t\t\t\t\t\t\t\t\t\t\t\t<img decoding=\"async\" width=\"640\" height=\"427\" src=\"https:\/\/senasoft.cloudsenactpi.net\/wp-content\/uploads\/2025\/07\/redes.jpg\" class=\"attachment-large size-large wp-image-1492\" alt=\"\" srcset=\"https:\/\/senasoft.cloudsenactpi.net\/wp-content\/uploads\/2025\/07\/redes.jpg 799w, https:\/\/senasoft.cloudsenactpi.net\/wp-content\/uploads\/2025\/07\/redes-300x200.jpg 300w, https:\/\/senasoft.cloudsenactpi.net\/wp-content\/uploads\/2025\/07\/redes-768x512.jpg 768w, https:\/\/senasoft.cloudsenactpi.net\/wp-content\/uploads\/2025\/07\/redes-600x400.jpg 600w\" sizes=\"(max-width: 640px) 100vw, 640px\" \/>\t\t\t\t\t\t\t\t\t\t\t\t\t\t\t<\/div>\n\t\t\t\t<\/div>\n\t\t\t\t\t<\/div>\n\t\t\t\t<\/div>\n\t\t\t\t<div class=\"elementor-element elementor-element-77ce38d elementor-widget-divider--view-line_icon elementor-view-framed elementor-widget-divider--element-align-center elementor-widget elementor-widget-divider\" data-id=\"77ce38d\" data-element_type=\"widget\" data-widget_type=\"divider.default\">\n\t\t\t\t<div class=\"elementor-widget-container\">\n\t\t\t\t\t\t\t<div class=\"elementor-divider\">\n\t\t\t<span class=\"elementor-divider-separator\">\n\t\t\t\t\t\t\t<div class=\"elementor-icon elementor-divider__element\">\n\t\t\t\t\t<svg aria-hidden=\"true\" class=\"e-font-icon-svg e-far-building\" viewBox=\"0 0 448 512\" xmlns=\"http:\/\/www.w3.org\/2000\/svg\"><path d=\"M128 148v-40c0-6.6 5.4-12 12-12h40c6.6 0 12 5.4 12 12v40c0 6.6-5.4 12-12 12h-40c-6.6 0-12-5.4-12-12zm140 12h40c6.6 0 12-5.4 12-12v-40c0-6.6-5.4-12-12-12h-40c-6.6 0-12 5.4-12 12v40c0 6.6 5.4 12 12 12zm-128 96h40c6.6 0 12-5.4 12-12v-40c0-6.6-5.4-12-12-12h-40c-6.6 0-12 5.4-12 12v40c0 6.6 5.4 12 12 12zm128 0h40c6.6 0 12-5.4 12-12v-40c0-6.6-5.4-12-12-12h-40c-6.6 0-12 5.4-12 12v40c0 6.6 5.4 12 12 12zm-76 84v-40c0-6.6-5.4-12-12-12h-40c-6.6 0-12 5.4-12 12v40c0 6.6 5.4 12 12 12h40c6.6 0 12-5.4 12-12zm76 12h40c6.6 0 12-5.4 12-12v-40c0-6.6-5.4-12-12-12h-40c-6.6 0-12 5.4-12 12v40c0 6.6 5.4 12 12 12zm180 124v36H0v-36c0-6.6 5.4-12 12-12h19.5V24c0-13.3 10.7-24 24-24h337c13.3 0 24 10.7 24 24v440H436c6.6 0 12 5.4 12 12zM79.5 463H192v-67c0-6.6 5.4-12 12-12h40c6.6 0 12 5.4 12 12v67h112.5V49L80 48l-.5 415z\"><\/path><\/svg><\/div>\n\t\t\t\t\t\t<\/span>\n\t\t<\/div>\n\t\t\t\t\t\t<\/div>\n\t\t\t\t<\/div>\n\t\t\t\t\t<\/div>\n\t\t<\/div>\n\t\t\t\t\t<\/div>\n\t\t<\/section>\n\t\t\t\t<\/div>\n\t\t","protected":false},"excerpt":{"rendered":"<p>Infraestructura Categorias que la componen Ciberseguridad La Ciberseguridad representa un componente esencial para los profesionales que buscan desarrollarse en el \u00e1mbito de las Tecnolog\u00edas de la Informaci\u00f3n y Comunicaciones (TIC). los participantes enfrentar\u00e1n desaf\u00edos pr\u00e1cticos que simular\u00e1n escenarios reales del sector, Redes Los participantes desarrollar\u00e1n y solucionar\u00e1n actividades de los escenarios planteados o retos, desde&#8230;<\/p>\n","protected":false},"author":1,"featured_media":0,"parent":0,"menu_order":0,"comment_status":"closed","ping_status":"closed","template":"elementor_header_footer","meta":{"footnotes":""},"class_list":["post-1483","page","type-page","status-publish","hentry","texture-woo-product-list","opn-qv-enable","software-elementor-woo-hover-","open-single-product-tab-horizontal","open-shadow-","open-shadow-hover-"],"_links":{"self":[{"href":"https:\/\/senasoft.cloudsenactpi.net\/index.php\/wp-json\/wp\/v2\/pages\/1483","targetHints":{"allow":["GET"]}}],"collection":[{"href":"https:\/\/senasoft.cloudsenactpi.net\/index.php\/wp-json\/wp\/v2\/pages"}],"about":[{"href":"https:\/\/senasoft.cloudsenactpi.net\/index.php\/wp-json\/wp\/v2\/types\/page"}],"author":[{"embeddable":true,"href":"https:\/\/senasoft.cloudsenactpi.net\/index.php\/wp-json\/wp\/v2\/users\/1"}],"replies":[{"embeddable":true,"href":"https:\/\/senasoft.cloudsenactpi.net\/index.php\/wp-json\/wp\/v2\/comments?post=1483"}],"version-history":[{"count":16,"href":"https:\/\/senasoft.cloudsenactpi.net\/index.php\/wp-json\/wp\/v2\/pages\/1483\/revisions"}],"predecessor-version":[{"id":1650,"href":"https:\/\/senasoft.cloudsenactpi.net\/index.php\/wp-json\/wp\/v2\/pages\/1483\/revisions\/1650"}],"wp:attachment":[{"href":"https:\/\/senasoft.cloudsenactpi.net\/index.php\/wp-json\/wp\/v2\/media?parent=1483"}],"curies":[{"name":"wp","href":"https:\/\/api.w.org\/{rel}","templated":true}]}}