{"id":1462,"date":"2025-07-25T21:43:01","date_gmt":"2025-07-25T19:43:01","guid":{"rendered":"https:\/\/senasoft.cloudsenactpi.net\/?page_id=1462"},"modified":"2025-07-30T17:53:23","modified_gmt":"2025-07-30T15:53:23","slug":"industrias-creativas","status":"publish","type":"page","link":"https:\/\/senasoft.cloudsenactpi.net\/index.php\/industrias-creativas\/","title":{"rendered":"Industrias Creativas"},"content":{"rendered":"\t\t<div data-elementor-type=\"wp-page\" data-elementor-id=\"1462\" class=\"elementor elementor-1462\">\n\t\t\t\t\t\t<section class=\"elementor-section elementor-top-section elementor-element elementor-element-6dfc87d5 elementor-section-boxed elementor-section-height-default elementor-section-height-default\" data-id=\"6dfc87d5\" data-element_type=\"section\" data-settings=\"{&quot;background_background&quot;:&quot;slideshow&quot;,&quot;background_slideshow_gallery&quot;:[{&quot;id&quot;:1317,&quot;url&quot;:&quot;https:\\\/\\\/senasoft.cloudsenactpi.net\\\/wp-content\\\/uploads\\\/2025\\\/07\\\/54023811611_aaf5bcca53_c.jpg&quot;},{&quot;id&quot;:1312,&quot;url&quot;:&quot;https:\\\/\\\/senasoft.cloudsenactpi.net\\\/wp-content\\\/uploads\\\/2025\\\/07\\\/2.jpg&quot;},{&quot;id&quot;:1313,&quot;url&quot;:&quot;https:\\\/\\\/senasoft.cloudsenactpi.net\\\/wp-content\\\/uploads\\\/2025\\\/07\\\/3.jpg&quot;},{&quot;id&quot;:1314,&quot;url&quot;:&quot;https:\\\/\\\/senasoft.cloudsenactpi.net\\\/wp-content\\\/uploads\\\/2025\\\/07\\\/4.jpg&quot;},{&quot;id&quot;:1315,&quot;url&quot;:&quot;https:\\\/\\\/senasoft.cloudsenactpi.net\\\/wp-content\\\/uploads\\\/2025\\\/07\\\/5.jpg&quot;},{&quot;id&quot;:1316,&quot;url&quot;:&quot;https:\\\/\\\/senasoft.cloudsenactpi.net\\\/wp-content\\\/uploads\\\/2025\\\/07\\\/6.jpg&quot;}],&quot;background_slideshow_slide_duration&quot;:3000,&quot;background_slideshow_transition_duration&quot;:1000,&quot;background_slideshow_ken_burns&quot;:&quot;yes&quot;,&quot;background_slideshow_ken_burns_zoom_direction&quot;:&quot;out&quot;,&quot;background_slideshow_loop&quot;:&quot;yes&quot;,&quot;background_slideshow_slide_transition&quot;:&quot;fade&quot;}\">\n\t\t\t\t\t\t\t<div class=\"elementor-background-overlay\"><\/div>\n\t\t\t\t\t\t\t<div class=\"elementor-container elementor-column-gap-default\">\n\t\t\t\t\t<div class=\"elementor-column elementor-col-100 elementor-top-column elementor-element elementor-element-6a219bb3\" data-id=\"6a219bb3\" data-element_type=\"column\">\n\t\t\t<div class=\"elementor-widget-wrap elementor-element-populated\">\n\t\t\t\t\t\t<div class=\"elementor-element elementor-element-156be96b elementor-widget__width-initial elementor-widget elementor-widget-elementskit-heading\" data-id=\"156be96b\" data-element_type=\"widget\" data-widget_type=\"elementskit-heading.default\">\n\t\t\t\t<div class=\"elementor-widget-container\">\n\t\t\t\t\t<div class=\"ekit-wid-con\" ><div class=\"ekit-heading elementskit-section-title-wraper text_left   ekit_heading_tablet-   ekit_heading_mobile-\"><h2 class=\"ekit-heading--title elementskit-section-title \">Industrias Creativas<\/h2><\/div><\/div>\t\t\t\t<\/div>\n\t\t\t\t<\/div>\n\t\t\t\t\t<\/div>\n\t\t<\/div>\n\t\t\t\t\t<\/div>\n\t\t<\/section>\n\t\t\t\t<section class=\"elementor-section elementor-top-section elementor-element elementor-element-4ee2effa elementor-section-boxed elementor-section-height-default elementor-section-height-default\" data-id=\"4ee2effa\" data-element_type=\"section\">\n\t\t\t\t\t\t<div class=\"elementor-container elementor-column-gap-default\">\n\t\t\t\t\t<div class=\"elementor-column elementor-col-100 elementor-top-column elementor-element elementor-element-4d1bf0f3\" data-id=\"4d1bf0f3\" data-element_type=\"column\">\n\t\t\t<div class=\"elementor-widget-wrap elementor-element-populated\">\n\t\t\t\t\t\t<div class=\"elementor-element elementor-element-f81d674 elementor-widget elementor-widget-heading\" data-id=\"f81d674\" data-element_type=\"widget\" data-widget_type=\"heading.default\">\n\t\t\t\t<div class=\"elementor-widget-container\">\n\t\t\t\t\t<h2 class=\"elementor-heading-title elementor-size-default\">Categorias que la componen<\/h2>\t\t\t\t<\/div>\n\t\t\t\t<\/div>\n\t\t\t\t\t<\/div>\n\t\t<\/div>\n\t\t\t\t\t<\/div>\n\t\t<\/section>\n\t\t\t\t<section class=\"elementor-section elementor-top-section elementor-element elementor-element-ffca7b7 elementor-section-boxed elementor-section-height-default elementor-section-height-default\" data-id=\"ffca7b7\" data-element_type=\"section\">\n\t\t\t\t\t\t<div class=\"elementor-container elementor-column-gap-default\">\n\t\t\t\t\t<div class=\"elementor-column elementor-col-100 elementor-top-column elementor-element elementor-element-9c010ae\" data-id=\"9c010ae\" data-element_type=\"column\">\n\t\t\t<div class=\"elementor-widget-wrap elementor-element-populated\">\n\t\t\t\t\t\t<div class=\"elementor-element elementor-element-f005b73 elementor-widget elementor-widget-heading\" data-id=\"f005b73\" data-element_type=\"widget\" data-widget_type=\"heading.default\">\n\t\t\t\t<div class=\"elementor-widget-container\">\n\t\t\t\t\t<h2 class=\"elementor-heading-title elementor-size-default\">Animaci\u00f3n 3D<\/h2>\t\t\t\t<\/div>\n\t\t\t\t<\/div>\n\t\t<div class=\"elementor-element elementor-element-ccf3ff6 e-grid e-con-boxed e-con e-parent\" data-id=\"ccf3ff6\" data-element_type=\"container\">\n\t\t\t\t\t<div class=\"e-con-inner\">\n\t\t\t\t<div class=\"elementor-element elementor-element-265e4c3 elementor-widget elementor-widget-text-editor\" data-id=\"265e4c3\" data-element_type=\"widget\" data-widget_type=\"text-editor.default\">\n\t\t\t\t<div class=\"elementor-widget-container\">\n\t\t\t\t\t\t\t\t\t<p>Esta categor\u00eda se interesa por cumplir con el proceso o ciclo del desarrollo del software en sus fases: An\u00e1lisis, Dise\u00f1o de la soluci\u00f3n, Codificaci\u00f3n, Pruebas, ImLos participantes desarrollan un producto animado que debe pasar diferentes etapas de creaci\u00f3n, conceptualizaci\u00f3n, dise\u00f1o de personajes y escenarios, definici\u00f3n del estilo visual, modelado, texturizado, rigging, animaci\u00f3n, iluminaci\u00f3n, render y edici\u00f3n final. Todo esto se realiza utilizando herramientas profesionales como Blender, Autodesk Maya o 3ds Max junto con software de apoyo como Adobe Photoshop, Substance Painter, Adobe After Effects y Premiere Pro para la postproducci\u00f3n y el dise\u00f1o sonoro.plementaci\u00f3n y Mantenimiento. Independientemente de la tecnolog\u00eda utilizada y el entorno (Web o Escritorio) de su puesta en producci\u00f3n; pero respetando la calidad y buen funcionamiento del producto final construido.<\/p>\t\t\t\t\t\t\t\t<\/div>\n\t\t\t\t<\/div>\n\t\t\t\t<div class=\"elementor-element elementor-element-e26deed elementor-widget elementor-widget-image\" data-id=\"e26deed\" data-element_type=\"widget\" data-widget_type=\"image.default\">\n\t\t\t\t<div class=\"elementor-widget-container\">\n\t\t\t\t\t\t\t\t\t\t\t\t\t\t\t<img fetchpriority=\"high\" decoding=\"async\" width=\"640\" height=\"427\" src=\"https:\/\/senasoft.cloudsenactpi.net\/wp-content\/uploads\/2025\/07\/animacion-3d.jpg\" class=\"attachment-large size-large wp-image-1466\" alt=\"\" srcset=\"https:\/\/senasoft.cloudsenactpi.net\/wp-content\/uploads\/2025\/07\/animacion-3d.jpg 640w, https:\/\/senasoft.cloudsenactpi.net\/wp-content\/uploads\/2025\/07\/animacion-3d-300x200.jpg 300w, https:\/\/senasoft.cloudsenactpi.net\/wp-content\/uploads\/2025\/07\/animacion-3d-600x400.jpg 600w\" sizes=\"(max-width: 640px) 100vw, 640px\" \/>\t\t\t\t\t\t\t\t\t\t\t\t\t\t\t<\/div>\n\t\t\t\t<\/div>\n\t\t\t\t\t<\/div>\n\t\t\t\t<\/div>\n\t\t\t\t<div class=\"elementor-element elementor-element-3f0bc52 elementor-widget-divider--view-line_icon elementor-view-framed elementor-widget-divider--element-align-center elementor-widget elementor-widget-divider\" data-id=\"3f0bc52\" data-element_type=\"widget\" data-widget_type=\"divider.default\">\n\t\t\t\t<div class=\"elementor-widget-container\">\n\t\t\t\t\t\t\t<div class=\"elementor-divider\">\n\t\t\t<span class=\"elementor-divider-separator\">\n\t\t\t\t\t\t\t<div class=\"elementor-icon elementor-divider__element\">\n\t\t\t\t\t<i aria-hidden=\"true\" class=\"icon icon-idea1\"><\/i><\/div>\n\t\t\t\t\t\t<\/span>\n\t\t<\/div>\n\t\t\t\t\t\t<\/div>\n\t\t\t\t<\/div>\n\t\t\t\t\t<\/div>\n\t\t<\/div>\n\t\t\t\t\t<\/div>\n\t\t<\/section>\n\t\t\t\t<section class=\"elementor-section elementor-top-section elementor-element elementor-element-b560823 elementor-section-boxed elementor-section-height-default elementor-section-height-default\" data-id=\"b560823\" data-element_type=\"section\">\n\t\t\t\t\t\t<div class=\"elementor-container elementor-column-gap-default\">\n\t\t\t\t\t<div class=\"elementor-column elementor-col-100 elementor-top-column elementor-element elementor-element-f3e8665\" data-id=\"f3e8665\" data-element_type=\"column\">\n\t\t\t<div class=\"elementor-widget-wrap elementor-element-populated\">\n\t\t\t\t\t\t<div class=\"elementor-element elementor-element-41ef840 elementor-widget elementor-widget-heading\" data-id=\"41ef840\" data-element_type=\"widget\" data-widget_type=\"heading.default\">\n\t\t\t\t<div class=\"elementor-widget-container\">\n\t\t\t\t\t<h2 class=\"elementor-heading-title elementor-size-default\">Audiovisuales<\/h2>\t\t\t\t<\/div>\n\t\t\t\t<\/div>\n\t\t<div class=\"elementor-element elementor-element-60588fa e-grid e-con-boxed e-con e-parent\" data-id=\"60588fa\" data-element_type=\"container\">\n\t\t\t\t\t<div class=\"e-con-inner\">\n\t\t\t\t<div class=\"elementor-element elementor-element-afe1271 elementor-widget elementor-widget-text-editor\" data-id=\"afe1271\" data-element_type=\"widget\" data-widget_type=\"text-editor.default\">\n\t\t\t\t<div class=\"elementor-widget-container\">\n\t\t\t\t\t\t\t\t\t<p>Los participantes realizan piezas audiovisuales bajo los est\u00e1ndares de la industria con herramientas Adobe, pasando por las fases de pre, pro y postproducci\u00f3n, desde la conceptualizaci\u00f3n hasta la publicaci\u00f3n en m\u00faltiples pantallas; sincronizando imagen, audio y video, presentando un producto comunicativo seg\u00fan el p\u00fablico\u00a0objetivo.<\/p>\t\t\t\t\t\t\t\t<\/div>\n\t\t\t\t<\/div>\n\t\t\t\t<div class=\"elementor-element elementor-element-b41570f elementor-widget elementor-widget-image\" data-id=\"b41570f\" data-element_type=\"widget\" data-widget_type=\"image.default\">\n\t\t\t\t<div class=\"elementor-widget-container\">\n\t\t\t\t\t\t\t\t\t\t\t\t\t\t\t<img decoding=\"async\" width=\"640\" height=\"427\" src=\"https:\/\/senasoft.cloudsenactpi.net\/wp-content\/uploads\/2025\/07\/audiovisuales.jpg\" class=\"attachment-large size-large wp-image-1467\" alt=\"\" srcset=\"https:\/\/senasoft.cloudsenactpi.net\/wp-content\/uploads\/2025\/07\/audiovisuales.jpg 799w, https:\/\/senasoft.cloudsenactpi.net\/wp-content\/uploads\/2025\/07\/audiovisuales-300x200.jpg 300w, https:\/\/senasoft.cloudsenactpi.net\/wp-content\/uploads\/2025\/07\/audiovisuales-768x512.jpg 768w, https:\/\/senasoft.cloudsenactpi.net\/wp-content\/uploads\/2025\/07\/audiovisuales-600x400.jpg 600w\" sizes=\"(max-width: 640px) 100vw, 640px\" \/>\t\t\t\t\t\t\t\t\t\t\t\t\t\t\t<\/div>\n\t\t\t\t<\/div>\n\t\t\t\t\t<\/div>\n\t\t\t\t<\/div>\n\t\t\t\t<div class=\"elementor-element elementor-element-77ce38d elementor-widget-divider--view-line_icon elementor-view-framed elementor-widget-divider--element-align-center elementor-widget elementor-widget-divider\" data-id=\"77ce38d\" data-element_type=\"widget\" data-widget_type=\"divider.default\">\n\t\t\t\t<div class=\"elementor-widget-container\">\n\t\t\t\t\t\t\t<div class=\"elementor-divider\">\n\t\t\t<span class=\"elementor-divider-separator\">\n\t\t\t\t\t\t\t<div class=\"elementor-icon elementor-divider__element\">\n\t\t\t\t\t<i aria-hidden=\"true\" class=\"icon icon-idea1\"><\/i><\/div>\n\t\t\t\t\t\t<\/span>\n\t\t<\/div>\n\t\t\t\t\t\t<\/div>\n\t\t\t\t<\/div>\n\t\t\t\t\t<\/div>\n\t\t<\/div>\n\t\t\t\t\t<\/div>\n\t\t<\/section>\n\t\t\t\t<section class=\"elementor-section elementor-top-section elementor-element elementor-element-78c5495 elementor-section-boxed elementor-section-height-default elementor-section-height-default\" data-id=\"78c5495\" data-element_type=\"section\">\n\t\t\t\t\t\t<div class=\"elementor-container elementor-column-gap-default\">\n\t\t\t\t\t<div class=\"elementor-column elementor-col-100 elementor-top-column elementor-element elementor-element-c46fe5c\" data-id=\"c46fe5c\" data-element_type=\"column\">\n\t\t\t<div class=\"elementor-widget-wrap elementor-element-populated\">\n\t\t\t\t\t\t<div class=\"elementor-element elementor-element-a244a23 elementor-widget elementor-widget-heading\" data-id=\"a244a23\" data-element_type=\"widget\" data-widget_type=\"heading.default\">\n\t\t\t\t<div class=\"elementor-widget-container\">\n\t\t\t\t\t<h2 class=\"elementor-heading-title elementor-size-default\">BRANDING O&nbsp; IDENTIDAD VISUAL<\/h2>\t\t\t\t<\/div>\n\t\t\t\t<\/div>\n\t\t<div class=\"elementor-element elementor-element-a709078 e-grid e-con-boxed e-con e-parent\" data-id=\"a709078\" data-element_type=\"container\">\n\t\t\t\t\t<div class=\"e-con-inner\">\n\t\t\t\t<div class=\"elementor-element elementor-element-3735a86 elementor-widget elementor-widget-text-editor\" data-id=\"3735a86\" data-element_type=\"widget\" data-widget_type=\"text-editor.default\">\n\t\t\t\t<div class=\"elementor-widget-container\">\n\t\t\t\t\t\t\t\t\t<p>La creaci\u00f3n de una marca, su identidad visual y la elaboraci\u00f3n de un manual de marca son componentes clave para construir una presencia fuerte, coherente y emocionalmente resonante en el mercado. Estos elementos permiten a las empresas conectar con su audiencia de manera efectiva, crear una imagen confiable y consistente, posicion\u00e1ndose en el mercado. las marcas requieren identidades fuertes que no solo sean reconocibles, sino tambi\u00e9n memorables. La creaci\u00f3n de un manual de identidad visual es esencial para garantizar que los elementos gr\u00e1ficos de la marca se utilicen de manera coherente en todos los puntos de contacto, desde medios impresos hasta digitales. Esta competencia busca que los participantes dominen el desarrollo de una identidad visual que proyecte confianza y consistencia, aplicando las mejores pr\u00e1cticas de dise\u00f1o gr\u00e1fico y comunicaci\u00f3n visual.<\/p>\t\t\t\t\t\t\t\t<\/div>\n\t\t\t\t<\/div>\n\t\t\t\t<div class=\"elementor-element elementor-element-42be13a elementor-widget elementor-widget-image\" data-id=\"42be13a\" data-element_type=\"widget\" data-widget_type=\"image.default\">\n\t\t\t\t<div class=\"elementor-widget-container\">\n\t\t\t\t\t\t\t\t\t\t\t\t\t\t\t<img decoding=\"async\" width=\"640\" height=\"427\" src=\"https:\/\/senasoft.cloudsenactpi.net\/wp-content\/uploads\/2025\/07\/54024144894_fb17d37f32_c.jpg\" class=\"attachment-large size-large wp-image-1670\" alt=\"\" srcset=\"https:\/\/senasoft.cloudsenactpi.net\/wp-content\/uploads\/2025\/07\/54024144894_fb17d37f32_c.jpg 799w, https:\/\/senasoft.cloudsenactpi.net\/wp-content\/uploads\/2025\/07\/54024144894_fb17d37f32_c-300x200.jpg 300w, https:\/\/senasoft.cloudsenactpi.net\/wp-content\/uploads\/2025\/07\/54024144894_fb17d37f32_c-768x512.jpg 768w, https:\/\/senasoft.cloudsenactpi.net\/wp-content\/uploads\/2025\/07\/54024144894_fb17d37f32_c-600x400.jpg 600w\" sizes=\"(max-width: 640px) 100vw, 640px\" \/>\t\t\t\t\t\t\t\t\t\t\t\t\t\t\t<\/div>\n\t\t\t\t<\/div>\n\t\t\t\t\t<\/div>\n\t\t\t\t<\/div>\n\t\t\t\t<div class=\"elementor-element elementor-element-d4f2bd4 elementor-widget-divider--view-line_icon elementor-view-framed elementor-widget-divider--element-align-center elementor-widget elementor-widget-divider\" data-id=\"d4f2bd4\" data-element_type=\"widget\" data-widget_type=\"divider.default\">\n\t\t\t\t<div class=\"elementor-widget-container\">\n\t\t\t\t\t\t\t<div class=\"elementor-divider\">\n\t\t\t<span class=\"elementor-divider-separator\">\n\t\t\t\t\t\t\t<div class=\"elementor-icon elementor-divider__element\">\n\t\t\t\t\t<i aria-hidden=\"true\" class=\"icon icon-idea1\"><\/i><\/div>\n\t\t\t\t\t\t<\/span>\n\t\t<\/div>\n\t\t\t\t\t\t<\/div>\n\t\t\t\t<\/div>\n\t\t\t\t\t<\/div>\n\t\t<\/div>\n\t\t\t\t\t<\/div>\n\t\t<\/section>\n\t\t\t\t<section class=\"elementor-section elementor-top-section elementor-element elementor-element-2b1abdf elementor-section-boxed elementor-section-height-default elementor-section-height-default\" data-id=\"2b1abdf\" data-element_type=\"section\">\n\t\t\t\t\t\t<div class=\"elementor-container elementor-column-gap-default\">\n\t\t\t\t\t<div class=\"elementor-column elementor-col-100 elementor-top-column elementor-element elementor-element-f1ae8f3\" data-id=\"f1ae8f3\" data-element_type=\"column\">\n\t\t\t<div class=\"elementor-widget-wrap elementor-element-populated\">\n\t\t\t\t\t\t<div class=\"elementor-element elementor-element-66f2157 elementor-widget elementor-widget-heading\" data-id=\"66f2157\" data-element_type=\"widget\" data-widget_type=\"heading.default\">\n\t\t\t\t<div class=\"elementor-widget-container\">\n\t\t\t\t\t<h2 class=\"elementor-heading-title elementor-size-default\">EXPERIENCIA REALIDAD VIRTUAL<\/h2>\t\t\t\t<\/div>\n\t\t\t\t<\/div>\n\t\t<div class=\"elementor-element elementor-element-9a436e1 e-grid e-con-boxed e-con e-parent\" data-id=\"9a436e1\" data-element_type=\"container\">\n\t\t\t\t\t<div class=\"e-con-inner\">\n\t\t<div class=\"elementor-element elementor-element-ccc2974 e-grid e-con-full e-con e-child\" data-id=\"ccc2974\" data-element_type=\"container\">\n\t\t\t\t<div class=\"elementor-element elementor-element-0a7cd88 elementor-widget elementor-widget-text-editor\" data-id=\"0a7cd88\" data-element_type=\"widget\" data-widget_type=\"text-editor.default\">\n\t\t\t\t<div class=\"elementor-widget-container\">\n\t\t\t\t\t\t\t\t\t<p>La creaci\u00f3n de una marca, su identidad visual y la elaboraci\u00f3n de un manual de marca son componentes clave para construir una presencia fuerte, coherente y emocionalmente resonante en el mercado. Estos elementos permiten a las empresas conectar con su audiencia de manera efectiva, crear una imagen confiable y consistente, posicion\u00e1ndose en el mercado. las marcas requieren identidades fuertes que no solo sean reconocibles, sino tambi\u00e9n memorables.<\/p>\t\t\t\t\t\t\t\t<\/div>\n\t\t\t\t<\/div>\n\t\t\t\t<div class=\"elementor-element elementor-element-0527a3d elementor-widget elementor-widget-image\" data-id=\"0527a3d\" data-element_type=\"widget\" data-widget_type=\"image.default\">\n\t\t\t\t<div class=\"elementor-widget-container\">\n\t\t\t\t\t\t\t\t\t\t\t\t\t\t\t<img loading=\"lazy\" decoding=\"async\" width=\"640\" height=\"427\" src=\"https:\/\/senasoft.cloudsenactpi.net\/wp-content\/uploads\/2025\/07\/vr2.jpg\" class=\"attachment-large size-large wp-image-1478\" alt=\"\" srcset=\"https:\/\/senasoft.cloudsenactpi.net\/wp-content\/uploads\/2025\/07\/vr2.jpg 640w, https:\/\/senasoft.cloudsenactpi.net\/wp-content\/uploads\/2025\/07\/vr2-300x200.jpg 300w, https:\/\/senasoft.cloudsenactpi.net\/wp-content\/uploads\/2025\/07\/vr2-600x400.jpg 600w\" sizes=\"(max-width: 640px) 100vw, 640px\" \/>\t\t\t\t\t\t\t\t\t\t\t\t\t\t\t<\/div>\n\t\t\t\t<\/div>\n\t\t\t\t<\/div>\n\t\t<div class=\"elementor-element elementor-element-f0f47e1 e-con-full e-grid e-con e-child\" data-id=\"f0f47e1\" data-element_type=\"container\">\n\t\t\t\t<div class=\"elementor-element elementor-element-f3336be elementor-widget elementor-widget-image\" data-id=\"f3336be\" data-element_type=\"widget\" data-widget_type=\"image.default\">\n\t\t\t\t<div class=\"elementor-widget-container\">\n\t\t\t\t\t\t\t\t\t\t\t\t\t\t\t<img loading=\"lazy\" decoding=\"async\" width=\"640\" height=\"427\" src=\"https:\/\/senasoft.cloudsenactpi.net\/wp-content\/uploads\/2025\/07\/vr1.jpg\" class=\"attachment-large size-large wp-image-1477\" alt=\"\" srcset=\"https:\/\/senasoft.cloudsenactpi.net\/wp-content\/uploads\/2025\/07\/vr1.jpg 799w, https:\/\/senasoft.cloudsenactpi.net\/wp-content\/uploads\/2025\/07\/vr1-300x200.jpg 300w, https:\/\/senasoft.cloudsenactpi.net\/wp-content\/uploads\/2025\/07\/vr1-768x512.jpg 768w, https:\/\/senasoft.cloudsenactpi.net\/wp-content\/uploads\/2025\/07\/vr1-600x400.jpg 600w\" sizes=\"(max-width: 640px) 100vw, 640px\" \/>\t\t\t\t\t\t\t\t\t\t\t\t\t\t\t<\/div>\n\t\t\t\t<\/div>\n\t\t\t\t<div class=\"elementor-element elementor-element-257416c elementor-widget elementor-widget-text-editor\" data-id=\"257416c\" data-element_type=\"widget\" data-widget_type=\"text-editor.default\">\n\t\t\t\t<div class=\"elementor-widget-container\">\n\t\t\t\t\t\t\t\t\t<p>La creaci\u00f3n de un manual de identidad visual es esencial para garantizar que los elementos gr\u00e1ficos de la marca se utilicen de manera coherente en todos los puntos de contacto, desde medios impresos hasta digitales. Esta competencia busca que los participantes dominen el desarrollo de una identidad visual que proyecte confianza y consistencia, aplicando las mejores pr\u00e1cticas de dise\u00f1o gr\u00e1fico y comunicaci\u00f3n visual.<\/p>\t\t\t\t\t\t\t\t<\/div>\n\t\t\t\t<\/div>\n\t\t\t\t<\/div>\n\t\t\t\t\t<\/div>\n\t\t\t\t<\/div>\n\t\t\t\t<div class=\"elementor-element elementor-element-c9f324a elementor-widget-divider--view-line_icon elementor-view-framed elementor-widget-divider--element-align-center elementor-widget elementor-widget-divider\" data-id=\"c9f324a\" data-element_type=\"widget\" data-widget_type=\"divider.default\">\n\t\t\t\t<div class=\"elementor-widget-container\">\n\t\t\t\t\t\t\t<div class=\"elementor-divider\">\n\t\t\t<span class=\"elementor-divider-separator\">\n\t\t\t\t\t\t\t<div class=\"elementor-icon elementor-divider__element\">\n\t\t\t\t\t<i aria-hidden=\"true\" class=\"icon icon-idea1\"><\/i><\/div>\n\t\t\t\t\t\t<\/span>\n\t\t<\/div>\n\t\t\t\t\t\t<\/div>\n\t\t\t\t<\/div>\n\t\t\t\t\t<\/div>\n\t\t<\/div>\n\t\t\t\t\t<\/div>\n\t\t<\/section>\n\t\t\t\t<section class=\"elementor-section elementor-top-section elementor-element elementor-element-2508afd elementor-section-boxed elementor-section-height-default elementor-section-height-default\" data-id=\"2508afd\" data-element_type=\"section\">\n\t\t\t\t\t\t<div class=\"elementor-container elementor-column-gap-default\">\n\t\t\t\t\t<div class=\"elementor-column elementor-col-100 elementor-top-column elementor-element elementor-element-8c7d416\" data-id=\"8c7d416\" data-element_type=\"column\">\n\t\t\t<div class=\"elementor-widget-wrap elementor-element-populated\">\n\t\t\t\t\t\t<div class=\"elementor-element elementor-element-1818e56 elementor-widget elementor-widget-heading\" data-id=\"1818e56\" data-element_type=\"widget\" data-widget_type=\"heading.default\">\n\t\t\t\t<div class=\"elementor-widget-container\">\n\t\t\t\t\t<h2 class=\"elementor-heading-title elementor-size-default\">PUBLICACIONES DIGITALES<\/h2>\t\t\t\t<\/div>\n\t\t\t\t<\/div>\n\t\t<div class=\"elementor-element elementor-element-2695816 e-grid e-con-boxed e-con e-parent\" data-id=\"2695816\" data-element_type=\"container\">\n\t\t\t\t\t<div class=\"e-con-inner\">\n\t\t\t\t<div class=\"elementor-element elementor-element-8337a97 elementor-widget elementor-widget-text-editor\" data-id=\"8337a97\" data-element_type=\"widget\" data-widget_type=\"text-editor.default\">\n\t\t\t\t<div class=\"elementor-widget-container\">\n\t\t\t\t\t\t\t\t\t<p>Las publicaciones digitales son productos de contenido informativo, educativo o promocional que se distribuyen y consumen a trav\u00e9s de medios electr\u00f3nicos. Estas publicaciones pueden adoptar diversos formatos, como revistas interactivas, cat\u00e1logos, libros electr\u00f3nicos, blogs, newsletters, infograf\u00edas animadas o contenido editorial adaptado a redes sociales. Los participantes desarrollar\u00e1n contenidos digitales que exploran la narrativa visual e interactiva, combinando diversos elementos multimedia para transmitir y difundir informaci\u00f3n mediante revistas interactivas. El objetivo es alcanzar una comunicaci\u00f3n visual efectiva y una composici\u00f3n gr\u00e1fica \u00f3ptima mediante el uso de herramientas\u00a0de\u00a0Adobe.<\/p>\t\t\t\t\t\t\t\t<\/div>\n\t\t\t\t<\/div>\n\t\t\t\t<div class=\"elementor-element elementor-element-1e29c97 elementor-widget elementor-widget-image\" data-id=\"1e29c97\" data-element_type=\"widget\" data-widget_type=\"image.default\">\n\t\t\t\t<div class=\"elementor-widget-container\">\n\t\t\t\t\t\t\t\t\t\t\t\t\t\t\t<img loading=\"lazy\" decoding=\"async\" width=\"640\" height=\"427\" src=\"https:\/\/senasoft.cloudsenactpi.net\/wp-content\/uploads\/2025\/07\/p-digitales.jpg\" class=\"attachment-large size-large wp-image-1479\" alt=\"\" srcset=\"https:\/\/senasoft.cloudsenactpi.net\/wp-content\/uploads\/2025\/07\/p-digitales.jpg 799w, https:\/\/senasoft.cloudsenactpi.net\/wp-content\/uploads\/2025\/07\/p-digitales-300x200.jpg 300w, https:\/\/senasoft.cloudsenactpi.net\/wp-content\/uploads\/2025\/07\/p-digitales-768x512.jpg 768w, https:\/\/senasoft.cloudsenactpi.net\/wp-content\/uploads\/2025\/07\/p-digitales-600x400.jpg 600w\" sizes=\"(max-width: 640px) 100vw, 640px\" \/>\t\t\t\t\t\t\t\t\t\t\t\t\t\t\t<\/div>\n\t\t\t\t<\/div>\n\t\t\t\t\t<\/div>\n\t\t\t\t<\/div>\n\t\t\t\t<div class=\"elementor-element elementor-element-027c173 elementor-widget-divider--view-line_icon elementor-view-framed elementor-widget-divider--element-align-center elementor-widget elementor-widget-divider\" data-id=\"027c173\" data-element_type=\"widget\" data-widget_type=\"divider.default\">\n\t\t\t\t<div class=\"elementor-widget-container\">\n\t\t\t\t\t\t\t<div class=\"elementor-divider\">\n\t\t\t<span class=\"elementor-divider-separator\">\n\t\t\t\t\t\t\t<div class=\"elementor-icon elementor-divider__element\">\n\t\t\t\t\t<i aria-hidden=\"true\" class=\"icon icon-idea1\"><\/i><\/div>\n\t\t\t\t\t\t<\/span>\n\t\t<\/div>\n\t\t\t\t\t\t<\/div>\n\t\t\t\t<\/div>\n\t\t\t\t\t<\/div>\n\t\t<\/div>\n\t\t\t\t\t<\/div>\n\t\t<\/section>\n\t\t\t\t<\/div>\n\t\t","protected":false},"excerpt":{"rendered":"<p>Industrias Creativas Categorias que la componen Animaci\u00f3n 3D Esta categor\u00eda se interesa por cumplir con el proceso o ciclo del desarrollo del software en sus fases: An\u00e1lisis, Dise\u00f1o de la soluci\u00f3n, Codificaci\u00f3n, Pruebas, ImLos participantes desarrollan un producto animado que debe pasar diferentes etapas de creaci\u00f3n, conceptualizaci\u00f3n, dise\u00f1o de personajes y escenarios, definici\u00f3n del estilo&#8230;<\/p>\n","protected":false},"author":1,"featured_media":0,"parent":0,"menu_order":0,"comment_status":"closed","ping_status":"closed","template":"elementor_header_footer","meta":{"footnotes":""},"class_list":["post-1462","page","type-page","status-publish","hentry","texture-woo-product-list","opn-qv-enable","software-elementor-woo-hover-","open-single-product-tab-horizontal","open-shadow-","open-shadow-hover-"],"_links":{"self":[{"href":"https:\/\/senasoft.cloudsenactpi.net\/index.php\/wp-json\/wp\/v2\/pages\/1462","targetHints":{"allow":["GET"]}}],"collection":[{"href":"https:\/\/senasoft.cloudsenactpi.net\/index.php\/wp-json\/wp\/v2\/pages"}],"about":[{"href":"https:\/\/senasoft.cloudsenactpi.net\/index.php\/wp-json\/wp\/v2\/types\/page"}],"author":[{"embeddable":true,"href":"https:\/\/senasoft.cloudsenactpi.net\/index.php\/wp-json\/wp\/v2\/users\/1"}],"replies":[{"embeddable":true,"href":"https:\/\/senasoft.cloudsenactpi.net\/index.php\/wp-json\/wp\/v2\/comments?post=1462"}],"version-history":[{"count":22,"href":"https:\/\/senasoft.cloudsenactpi.net\/index.php\/wp-json\/wp\/v2\/pages\/1462\/revisions"}],"predecessor-version":[{"id":1673,"href":"https:\/\/senasoft.cloudsenactpi.net\/index.php\/wp-json\/wp\/v2\/pages\/1462\/revisions\/1673"}],"wp:attachment":[{"href":"https:\/\/senasoft.cloudsenactpi.net\/index.php\/wp-json\/wp\/v2\/media?parent=1462"}],"curies":[{"name":"wp","href":"https:\/\/api.w.org\/{rel}","templated":true}]}}