{"id":1416,"date":"2025-07-25T21:04:45","date_gmt":"2025-07-25T19:04:45","guid":{"rendered":"https:\/\/senasoft.cloudsenactpi.net\/?page_id=1416"},"modified":"2025-07-29T19:18:55","modified_gmt":"2025-07-29T17:18:55","slug":"desarrollo-de-software","status":"publish","type":"page","link":"https:\/\/senasoft.cloudsenactpi.net\/index.php\/desarrollo-de-software\/","title":{"rendered":"Desarrollo de Software"},"content":{"rendered":"\t\t<div data-elementor-type=\"wp-page\" data-elementor-id=\"1416\" class=\"elementor elementor-1416\">\n\t\t\t\t\t\t<section class=\"elementor-section elementor-top-section elementor-element elementor-element-6dfc87d5 elementor-section-boxed elementor-section-height-default elementor-section-height-default\" data-id=\"6dfc87d5\" data-element_type=\"section\" data-settings=\"{&quot;background_background&quot;:&quot;slideshow&quot;,&quot;background_slideshow_gallery&quot;:[{&quot;id&quot;:1317,&quot;url&quot;:&quot;https:\\\/\\\/senasoft.cloudsenactpi.net\\\/wp-content\\\/uploads\\\/2025\\\/07\\\/54023811611_aaf5bcca53_c.jpg&quot;},{&quot;id&quot;:1312,&quot;url&quot;:&quot;https:\\\/\\\/senasoft.cloudsenactpi.net\\\/wp-content\\\/uploads\\\/2025\\\/07\\\/2.jpg&quot;},{&quot;id&quot;:1313,&quot;url&quot;:&quot;https:\\\/\\\/senasoft.cloudsenactpi.net\\\/wp-content\\\/uploads\\\/2025\\\/07\\\/3.jpg&quot;},{&quot;id&quot;:1314,&quot;url&quot;:&quot;https:\\\/\\\/senasoft.cloudsenactpi.net\\\/wp-content\\\/uploads\\\/2025\\\/07\\\/4.jpg&quot;},{&quot;id&quot;:1315,&quot;url&quot;:&quot;https:\\\/\\\/senasoft.cloudsenactpi.net\\\/wp-content\\\/uploads\\\/2025\\\/07\\\/5.jpg&quot;},{&quot;id&quot;:1316,&quot;url&quot;:&quot;https:\\\/\\\/senasoft.cloudsenactpi.net\\\/wp-content\\\/uploads\\\/2025\\\/07\\\/6.jpg&quot;}],&quot;background_slideshow_slide_duration&quot;:3000,&quot;background_slideshow_transition_duration&quot;:1000,&quot;background_slideshow_ken_burns&quot;:&quot;yes&quot;,&quot;background_slideshow_ken_burns_zoom_direction&quot;:&quot;out&quot;,&quot;background_slideshow_loop&quot;:&quot;yes&quot;,&quot;background_slideshow_slide_transition&quot;:&quot;fade&quot;}\">\n\t\t\t\t\t\t\t<div class=\"elementor-background-overlay\"><\/div>\n\t\t\t\t\t\t\t<div class=\"elementor-container elementor-column-gap-default\">\n\t\t\t\t\t<div class=\"elementor-column elementor-col-100 elementor-top-column elementor-element elementor-element-6a219bb3\" data-id=\"6a219bb3\" data-element_type=\"column\">\n\t\t\t<div class=\"elementor-widget-wrap elementor-element-populated\">\n\t\t\t\t\t\t<div class=\"elementor-element elementor-element-156be96b elementor-widget__width-initial elementor-widget elementor-widget-elementskit-heading\" data-id=\"156be96b\" data-element_type=\"widget\" data-widget_type=\"elementskit-heading.default\">\n\t\t\t\t<div class=\"elementor-widget-container\">\n\t\t\t\t\t<div class=\"ekit-wid-con\" ><div class=\"ekit-heading elementskit-section-title-wraper text_left   ekit_heading_tablet-   ekit_heading_mobile-\"><h2 class=\"ekit-heading--title elementskit-section-title \">Desarrollo de Software<\/h2><\/div><\/div>\t\t\t\t<\/div>\n\t\t\t\t<\/div>\n\t\t\t\t\t<\/div>\n\t\t<\/div>\n\t\t\t\t\t<\/div>\n\t\t<\/section>\n\t\t\t\t<section class=\"elementor-section elementor-top-section elementor-element elementor-element-4ee2effa elementor-section-boxed elementor-section-height-default elementor-section-height-default\" data-id=\"4ee2effa\" data-element_type=\"section\">\n\t\t\t\t\t\t<div class=\"elementor-container elementor-column-gap-default\">\n\t\t\t\t\t<div class=\"elementor-column elementor-col-100 elementor-top-column elementor-element elementor-element-4d1bf0f3\" data-id=\"4d1bf0f3\" data-element_type=\"column\">\n\t\t\t<div class=\"elementor-widget-wrap elementor-element-populated\">\n\t\t\t\t\t\t<div class=\"elementor-element elementor-element-f81d674 elementor-widget elementor-widget-heading\" data-id=\"f81d674\" data-element_type=\"widget\" data-widget_type=\"heading.default\">\n\t\t\t\t<div class=\"elementor-widget-container\">\n\t\t\t\t\t<h2 class=\"elementor-heading-title elementor-size-default\">Categorias que la componen<\/h2>\t\t\t\t<\/div>\n\t\t\t\t<\/div>\n\t\t\t\t\t<\/div>\n\t\t<\/div>\n\t\t\t\t\t<\/div>\n\t\t<\/section>\n\t\t\t\t<section class=\"elementor-section elementor-top-section elementor-element elementor-element-ffca7b7 elementor-section-boxed elementor-section-height-default elementor-section-height-default\" data-id=\"ffca7b7\" data-element_type=\"section\">\n\t\t\t\t\t\t<div class=\"elementor-container elementor-column-gap-default\">\n\t\t\t\t\t<div class=\"elementor-column elementor-col-100 elementor-top-column elementor-element elementor-element-9c010ae\" data-id=\"9c010ae\" data-element_type=\"column\">\n\t\t\t<div class=\"elementor-widget-wrap elementor-element-populated\">\n\t\t\t\t\t\t<div class=\"elementor-element elementor-element-f005b73 elementor-widget elementor-widget-heading\" data-id=\"f005b73\" data-element_type=\"widget\" data-widget_type=\"heading.default\">\n\t\t\t\t<div class=\"elementor-widget-container\">\n\t\t\t\t\t<h2 class=\"elementor-heading-title elementor-size-default\">Desarrollo Integral<\/h2>\t\t\t\t<\/div>\n\t\t\t\t<\/div>\n\t\t<div class=\"elementor-element elementor-element-ccf3ff6 e-grid e-con-boxed e-con e-parent\" data-id=\"ccf3ff6\" data-element_type=\"container\">\n\t\t\t\t\t<div class=\"e-con-inner\">\n\t\t\t\t<div class=\"elementor-element elementor-element-265e4c3 elementor-widget elementor-widget-text-editor\" data-id=\"265e4c3\" data-element_type=\"widget\" data-widget_type=\"text-editor.default\">\n\t\t\t\t<div class=\"elementor-widget-container\">\n\t\t\t\t\t\t\t\t\t<p>Esta categor\u00eda se interesa por cumplir con el proceso o ciclo del desarrollo del software en sus fases: An\u00e1lisis, Dise\u00f1o de la soluci\u00f3n, Codificaci\u00f3n, Pruebas, Implementaci\u00f3n y Mantenimiento. Independientemente de la tecnolog\u00eda utilizada y el entorno (Web o Escritorio) de su puesta en producci\u00f3n; pero respetando la calidad y buen funcionamiento del producto final construido.<\/p>\t\t\t\t\t\t\t\t<\/div>\n\t\t\t\t<\/div>\n\t\t\t\t<div class=\"elementor-element elementor-element-e26deed elementor-widget elementor-widget-image\" data-id=\"e26deed\" data-element_type=\"widget\" data-widget_type=\"image.default\">\n\t\t\t\t<div class=\"elementor-widget-container\">\n\t\t\t\t\t\t\t\t\t\t\t\t\t\t\t<img fetchpriority=\"high\" decoding=\"async\" width=\"640\" height=\"427\" src=\"https:\/\/senasoft.cloudsenactpi.net\/wp-content\/uploads\/2025\/07\/desarrollo_integral.jpg\" class=\"attachment-large size-large wp-image-1433\" alt=\"\" srcset=\"https:\/\/senasoft.cloudsenactpi.net\/wp-content\/uploads\/2025\/07\/desarrollo_integral.jpg 799w, https:\/\/senasoft.cloudsenactpi.net\/wp-content\/uploads\/2025\/07\/desarrollo_integral-300x200.jpg 300w, https:\/\/senasoft.cloudsenactpi.net\/wp-content\/uploads\/2025\/07\/desarrollo_integral-768x512.jpg 768w, https:\/\/senasoft.cloudsenactpi.net\/wp-content\/uploads\/2025\/07\/desarrollo_integral-600x400.jpg 600w\" sizes=\"(max-width: 640px) 100vw, 640px\" \/>\t\t\t\t\t\t\t\t\t\t\t\t\t\t\t<\/div>\n\t\t\t\t<\/div>\n\t\t\t\t\t<\/div>\n\t\t\t\t<\/div>\n\t\t\t\t<div class=\"elementor-element elementor-element-3f0bc52 elementor-widget-divider--view-line_icon elementor-view-framed elementor-widget-divider--element-align-center elementor-widget elementor-widget-divider\" data-id=\"3f0bc52\" data-element_type=\"widget\" data-widget_type=\"divider.default\">\n\t\t\t\t<div class=\"elementor-widget-container\">\n\t\t\t\t\t\t\t<div class=\"elementor-divider\">\n\t\t\t<span class=\"elementor-divider-separator\">\n\t\t\t\t\t\t\t<div class=\"elementor-icon elementor-divider__element\">\n\t\t\t\t\t<svg aria-hidden=\"true\" class=\"e-font-icon-svg e-fas-star\" viewBox=\"0 0 576 512\" xmlns=\"http:\/\/www.w3.org\/2000\/svg\"><path d=\"M259.3 17.8L194 150.2 47.9 171.5c-26.2 3.8-36.7 36.1-17.7 54.6l105.7 103-25 145.5c-4.5 26.3 23.2 46 46.4 33.7L288 439.6l130.7 68.7c23.2 12.2 50.9-7.4 46.4-33.7l-25-145.5 105.7-103c19-18.5 8.5-50.8-17.7-54.6L382 150.2 316.7 17.8c-11.7-23.6-45.6-23.9-57.4 0z\"><\/path><\/svg><\/div>\n\t\t\t\t\t\t<\/span>\n\t\t<\/div>\n\t\t\t\t\t\t<\/div>\n\t\t\t\t<\/div>\n\t\t\t\t\t<\/div>\n\t\t<\/div>\n\t\t\t\t\t<\/div>\n\t\t<\/section>\n\t\t\t\t<section class=\"elementor-section elementor-top-section elementor-element elementor-element-b560823 elementor-section-boxed elementor-section-height-default elementor-section-height-default\" data-id=\"b560823\" data-element_type=\"section\">\n\t\t\t\t\t\t<div class=\"elementor-container elementor-column-gap-default\">\n\t\t\t\t\t<div class=\"elementor-column elementor-col-100 elementor-top-column elementor-element elementor-element-f3e8665\" data-id=\"f3e8665\" data-element_type=\"column\">\n\t\t\t<div class=\"elementor-widget-wrap elementor-element-populated\">\n\t\t\t\t\t\t<div class=\"elementor-element elementor-element-41ef840 elementor-widget elementor-widget-heading\" data-id=\"41ef840\" data-element_type=\"widget\" data-widget_type=\"heading.default\">\n\t\t\t\t<div class=\"elementor-widget-container\">\n\t\t\t\t\t<h2 class=\"elementor-heading-title elementor-size-default\">Desarrollo Libre<\/h2>\t\t\t\t<\/div>\n\t\t\t\t<\/div>\n\t\t<div class=\"elementor-element elementor-element-60588fa e-grid e-con-boxed e-con e-parent\" data-id=\"60588fa\" data-element_type=\"container\">\n\t\t\t\t\t<div class=\"e-con-inner\">\n\t\t\t\t<div class=\"elementor-element elementor-element-afe1271 elementor-widget elementor-widget-text-editor\" data-id=\"afe1271\" data-element_type=\"widget\" data-widget_type=\"text-editor.default\">\n\t\t\t\t<div class=\"elementor-widget-container\">\n\t\t\t\t\t\t\t\t\t<p>Tienes la oportunidad de liberar toda tu creatividad y pasi\u00f3n por la tecnolog\u00eda. Esta categor\u00eda te permite desarrollar aplicaciones web innovadoras y \u00fanicas, resolviendo problemas y superando desaf\u00edos de manera ingeniosa. Es el espacio perfecto para que los competidores muestren su talento, imaginaci\u00f3n y capacidad para crear soluciones que hagan la diferencia. \u00a1Una experiencia que impulsa a pensar fuera de lo com\u00fan y a llevar sus habilidades al siguiente\u00a0nivel!<\/p>\t\t\t\t\t\t\t\t<\/div>\n\t\t\t\t<\/div>\n\t\t\t\t<div class=\"elementor-element elementor-element-b41570f elementor-widget elementor-widget-image\" data-id=\"b41570f\" data-element_type=\"widget\" data-widget_type=\"image.default\">\n\t\t\t\t<div class=\"elementor-widget-container\">\n\t\t\t\t\t\t\t\t\t\t\t\t\t\t\t<img decoding=\"async\" width=\"640\" height=\"427\" src=\"https:\/\/senasoft.cloudsenactpi.net\/wp-content\/uploads\/2025\/07\/desarrollo-libre.jpg\" class=\"attachment-large size-large wp-image-1448\" alt=\"\" srcset=\"https:\/\/senasoft.cloudsenactpi.net\/wp-content\/uploads\/2025\/07\/desarrollo-libre.jpg 799w, https:\/\/senasoft.cloudsenactpi.net\/wp-content\/uploads\/2025\/07\/desarrollo-libre-300x200.jpg 300w, https:\/\/senasoft.cloudsenactpi.net\/wp-content\/uploads\/2025\/07\/desarrollo-libre-768x512.jpg 768w, https:\/\/senasoft.cloudsenactpi.net\/wp-content\/uploads\/2025\/07\/desarrollo-libre-600x400.jpg 600w\" sizes=\"(max-width: 640px) 100vw, 640px\" \/>\t\t\t\t\t\t\t\t\t\t\t\t\t\t\t<\/div>\n\t\t\t\t<\/div>\n\t\t\t\t\t<\/div>\n\t\t\t\t<\/div>\n\t\t\t\t<div class=\"elementor-element elementor-element-77ce38d elementor-widget-divider--view-line_icon elementor-view-framed elementor-widget-divider--element-align-center elementor-widget elementor-widget-divider\" data-id=\"77ce38d\" data-element_type=\"widget\" data-widget_type=\"divider.default\">\n\t\t\t\t<div class=\"elementor-widget-container\">\n\t\t\t\t\t\t\t<div class=\"elementor-divider\">\n\t\t\t<span class=\"elementor-divider-separator\">\n\t\t\t\t\t\t\t<div class=\"elementor-icon elementor-divider__element\">\n\t\t\t\t\t<svg aria-hidden=\"true\" class=\"e-font-icon-svg e-fas-star\" viewBox=\"0 0 576 512\" xmlns=\"http:\/\/www.w3.org\/2000\/svg\"><path d=\"M259.3 17.8L194 150.2 47.9 171.5c-26.2 3.8-36.7 36.1-17.7 54.6l105.7 103-25 145.5c-4.5 26.3 23.2 46 46.4 33.7L288 439.6l130.7 68.7c23.2 12.2 50.9-7.4 46.4-33.7l-25-145.5 105.7-103c19-18.5 8.5-50.8-17.7-54.6L382 150.2 316.7 17.8c-11.7-23.6-45.6-23.9-57.4 0z\"><\/path><\/svg><\/div>\n\t\t\t\t\t\t<\/span>\n\t\t<\/div>\n\t\t\t\t\t\t<\/div>\n\t\t\t\t<\/div>\n\t\t\t\t\t<\/div>\n\t\t<\/div>\n\t\t\t\t\t<\/div>\n\t\t<\/section>\n\t\t\t\t<section class=\"elementor-section elementor-top-section elementor-element elementor-element-78c5495 elementor-section-boxed elementor-section-height-default elementor-section-height-default\" data-id=\"78c5495\" data-element_type=\"section\">\n\t\t\t\t\t\t<div class=\"elementor-container elementor-column-gap-default\">\n\t\t\t\t\t<div class=\"elementor-column elementor-col-100 elementor-top-column elementor-element elementor-element-c46fe5c\" data-id=\"c46fe5c\" data-element_type=\"column\">\n\t\t\t<div class=\"elementor-widget-wrap elementor-element-populated\">\n\t\t\t\t\t\t<div class=\"elementor-element elementor-element-a244a23 elementor-widget elementor-widget-heading\" data-id=\"a244a23\" data-element_type=\"widget\" data-widget_type=\"heading.default\">\n\t\t\t\t<div class=\"elementor-widget-container\">\n\t\t\t\t\t<h2 class=\"elementor-heading-title elementor-size-default\">Inteligencia Artificial<\/h2>\t\t\t\t<\/div>\n\t\t\t\t<\/div>\n\t\t<div class=\"elementor-element elementor-element-a709078 e-grid e-con-boxed e-con e-parent\" data-id=\"a709078\" data-element_type=\"container\">\n\t\t\t\t\t<div class=\"e-con-inner\">\n\t\t\t\t<div class=\"elementor-element elementor-element-3735a86 elementor-widget elementor-widget-text-editor\" data-id=\"3735a86\" data-element_type=\"widget\" data-widget_type=\"text-editor.default\">\n\t\t\t\t<div class=\"elementor-widget-container\">\n\t\t\t\t\t\t\t\t\t<p>Demostrar\u00e1s tu talento dise\u00f1ando modelos de IA que resuelven desaf\u00edos reales: desde el an\u00e1lisis de patrones ocultos hasta la creaci\u00f3n de sistemas predictivos \u00e9ticos y eficientes. Aplicar\u00e1s t\u00e9cnicas vanguardistas como balanceo de datos, optimizaci\u00f3n de hiperpar\u00e1metros y storytelling t\u00e9cnico para construir soluciones con impacto tangible<\/p>\t\t\t\t\t\t\t\t<\/div>\n\t\t\t\t<\/div>\n\t\t\t\t<div class=\"elementor-element elementor-element-42be13a elementor-widget elementor-widget-image\" data-id=\"42be13a\" data-element_type=\"widget\" data-widget_type=\"image.default\">\n\t\t\t\t<div class=\"elementor-widget-container\">\n\t\t\t\t\t\t\t\t\t\t\t\t\t\t\t<img decoding=\"async\" width=\"640\" height=\"427\" src=\"https:\/\/senasoft.cloudsenactpi.net\/wp-content\/uploads\/2025\/07\/54023811611_aaf5bcca53_c.jpg\" class=\"attachment-large size-large wp-image-1317\" alt=\"\" srcset=\"https:\/\/senasoft.cloudsenactpi.net\/wp-content\/uploads\/2025\/07\/54023811611_aaf5bcca53_c.jpg 799w, https:\/\/senasoft.cloudsenactpi.net\/wp-content\/uploads\/2025\/07\/54023811611_aaf5bcca53_c-300x200.jpg 300w, https:\/\/senasoft.cloudsenactpi.net\/wp-content\/uploads\/2025\/07\/54023811611_aaf5bcca53_c-768x512.jpg 768w, https:\/\/senasoft.cloudsenactpi.net\/wp-content\/uploads\/2025\/07\/54023811611_aaf5bcca53_c-600x400.jpg 600w\" sizes=\"(max-width: 640px) 100vw, 640px\" \/>\t\t\t\t\t\t\t\t\t\t\t\t\t\t\t<\/div>\n\t\t\t\t<\/div>\n\t\t\t\t\t<\/div>\n\t\t\t\t<\/div>\n\t\t\t\t<div class=\"elementor-element elementor-element-d4f2bd4 elementor-widget-divider--view-line_icon elementor-view-framed elementor-widget-divider--element-align-center elementor-widget elementor-widget-divider\" data-id=\"d4f2bd4\" data-element_type=\"widget\" data-widget_type=\"divider.default\">\n\t\t\t\t<div class=\"elementor-widget-container\">\n\t\t\t\t\t\t\t<div class=\"elementor-divider\">\n\t\t\t<span class=\"elementor-divider-separator\">\n\t\t\t\t\t\t\t<div class=\"elementor-icon elementor-divider__element\">\n\t\t\t\t\t<svg aria-hidden=\"true\" class=\"e-font-icon-svg e-fas-star\" viewBox=\"0 0 576 512\" xmlns=\"http:\/\/www.w3.org\/2000\/svg\"><path d=\"M259.3 17.8L194 150.2 47.9 171.5c-26.2 3.8-36.7 36.1-17.7 54.6l105.7 103-25 145.5c-4.5 26.3 23.2 46 46.4 33.7L288 439.6l130.7 68.7c23.2 12.2 50.9-7.4 46.4-33.7l-25-145.5 105.7-103c19-18.5 8.5-50.8-17.7-54.6L382 150.2 316.7 17.8c-11.7-23.6-45.6-23.9-57.4 0z\"><\/path><\/svg><\/div>\n\t\t\t\t\t\t<\/span>\n\t\t<\/div>\n\t\t\t\t\t\t<\/div>\n\t\t\t\t<\/div>\n\t\t\t\t\t<\/div>\n\t\t<\/div>\n\t\t\t\t\t<\/div>\n\t\t<\/section>\n\t\t\t\t<section class=\"elementor-section elementor-top-section elementor-element elementor-element-2b1abdf elementor-section-boxed elementor-section-height-default elementor-section-height-default\" data-id=\"2b1abdf\" data-element_type=\"section\">\n\t\t\t\t\t\t<div class=\"elementor-container elementor-column-gap-default\">\n\t\t\t\t\t<div class=\"elementor-column elementor-col-100 elementor-top-column elementor-element elementor-element-f1ae8f3\" data-id=\"f1ae8f3\" data-element_type=\"column\">\n\t\t\t<div class=\"elementor-widget-wrap elementor-element-populated\">\n\t\t\t\t\t\t<div class=\"elementor-element elementor-element-66f2157 elementor-widget elementor-widget-heading\" data-id=\"66f2157\" data-element_type=\"widget\" data-widget_type=\"heading.default\">\n\t\t\t\t<div class=\"elementor-widget-container\">\n\t\t\t\t\t<h2 class=\"elementor-heading-title elementor-size-default\">Mujeres Digitales<\/h2>\t\t\t\t<\/div>\n\t\t\t\t<\/div>\n\t\t<div class=\"elementor-element elementor-element-9a436e1 e-grid e-con-boxed e-con e-parent\" data-id=\"9a436e1\" data-element_type=\"container\">\n\t\t\t\t\t<div class=\"e-con-inner\">\n\t\t<div class=\"elementor-element elementor-element-ccc2974 e-grid e-con-full e-con e-child\" data-id=\"ccc2974\" data-element_type=\"container\">\n\t\t\t\t<div class=\"elementor-element elementor-element-0a7cd88 elementor-widget elementor-widget-text-editor\" data-id=\"0a7cd88\" data-element_type=\"widget\" data-widget_type=\"text-editor.default\">\n\t\t\t\t<div class=\"elementor-widget-container\">\n\t\t\t\t\t\t\t\t\t<p>En un mundo donde la tecnolog\u00eda avanza a pasos agigantados, el papel de la mujer en el desarrollo de software es crucial. La categor\u00eda de Mujeres Digitales te invita a dise\u00f1ar y desarrollar una aplicaci\u00f3n web utilizando Spring Boot y Java para el backend, junto con HTML5, CSS3, Bootstrap y JavaScript para el frontend. Este es tu momento para demostrar tus habilidades y creatividad, utilizando plantillas y frameworks de uso libre, siempre asegurando la calidad y buen funcionamiento del producto final.<\/p>\t\t\t\t\t\t\t\t<\/div>\n\t\t\t\t<\/div>\n\t\t\t\t<div class=\"elementor-element elementor-element-0527a3d elementor-widget elementor-widget-image\" data-id=\"0527a3d\" data-element_type=\"widget\" data-widget_type=\"image.default\">\n\t\t\t\t<div class=\"elementor-widget-container\">\n\t\t\t\t\t\t\t\t\t\t\t\t\t\t\t<img loading=\"lazy\" decoding=\"async\" width=\"640\" height=\"427\" src=\"https:\/\/senasoft.cloudsenactpi.net\/wp-content\/uploads\/2025\/07\/5.jpg\" class=\"attachment-large size-large wp-image-1315\" alt=\"\" srcset=\"https:\/\/senasoft.cloudsenactpi.net\/wp-content\/uploads\/2025\/07\/5.jpg 640w, https:\/\/senasoft.cloudsenactpi.net\/wp-content\/uploads\/2025\/07\/5-300x200.jpg 300w, https:\/\/senasoft.cloudsenactpi.net\/wp-content\/uploads\/2025\/07\/5-600x400.jpg 600w\" sizes=\"(max-width: 640px) 100vw, 640px\" \/>\t\t\t\t\t\t\t\t\t\t\t\t\t\t\t<\/div>\n\t\t\t\t<\/div>\n\t\t\t\t<\/div>\n\t\t<div class=\"elementor-element elementor-element-f0f47e1 e-con-full e-grid e-con e-child\" data-id=\"f0f47e1\" data-element_type=\"container\">\n\t\t\t\t<div class=\"elementor-element elementor-element-f3336be elementor-widget elementor-widget-image\" data-id=\"f3336be\" data-element_type=\"widget\" data-widget_type=\"image.default\">\n\t\t\t\t<div class=\"elementor-widget-container\">\n\t\t\t\t\t\t\t\t\t\t\t\t\t\t\t<img loading=\"lazy\" decoding=\"async\" width=\"640\" height=\"427\" src=\"https:\/\/senasoft.cloudsenactpi.net\/wp-content\/uploads\/2025\/07\/desarrollo_libre.jpg\" class=\"attachment-large size-large wp-image-1447\" alt=\"\" srcset=\"https:\/\/senasoft.cloudsenactpi.net\/wp-content\/uploads\/2025\/07\/desarrollo_libre.jpg 799w, https:\/\/senasoft.cloudsenactpi.net\/wp-content\/uploads\/2025\/07\/desarrollo_libre-300x200.jpg 300w, https:\/\/senasoft.cloudsenactpi.net\/wp-content\/uploads\/2025\/07\/desarrollo_libre-768x512.jpg 768w, https:\/\/senasoft.cloudsenactpi.net\/wp-content\/uploads\/2025\/07\/desarrollo_libre-600x400.jpg 600w\" sizes=\"(max-width: 640px) 100vw, 640px\" \/>\t\t\t\t\t\t\t\t\t\t\t\t\t\t\t<\/div>\n\t\t\t\t<\/div>\n\t\t\t\t<div class=\"elementor-element elementor-element-257416c elementor-widget elementor-widget-text-editor\" data-id=\"257416c\" data-element_type=\"widget\" data-widget_type=\"text-editor.default\">\n\t\t\t\t<div class=\"elementor-widget-container\">\n\t\t\t\t\t\t\t\t\t<p>\u00a0Participa y muestra tu capacidad para abordar problemas complejos e innovar en el campo\u00a0tecnol\u00f3gico; Las mujeres est\u00e1n cambiando el panorama del desarrollo de software con su creatividad y habilidades t\u00e9cnicas. En esta categor\u00eda, te invitamos a dise\u00f1ar y desarrollar una aplicaci\u00f3n web con Spring Boot y Java. Tu participaci\u00f3n ayudar\u00e1 a fomentar la equidad de g\u00e9nero y a potenciar la industria con tu talento. \u00danete a nosotros y demuestra que las mujeres son fuerzas imparables en el mundo\u00a0tecnol\u00f3gico.<\/p>\t\t\t\t\t\t\t\t<\/div>\n\t\t\t\t<\/div>\n\t\t\t\t<\/div>\n\t\t\t\t\t<\/div>\n\t\t\t\t<\/div>\n\t\t\t\t<div class=\"elementor-element elementor-element-c9f324a elementor-widget-divider--view-line_icon elementor-view-framed elementor-widget-divider--element-align-center elementor-widget elementor-widget-divider\" data-id=\"c9f324a\" data-element_type=\"widget\" data-widget_type=\"divider.default\">\n\t\t\t\t<div class=\"elementor-widget-container\">\n\t\t\t\t\t\t\t<div class=\"elementor-divider\">\n\t\t\t<span class=\"elementor-divider-separator\">\n\t\t\t\t\t\t\t<div class=\"elementor-icon elementor-divider__element\">\n\t\t\t\t\t<svg aria-hidden=\"true\" class=\"e-font-icon-svg e-fas-star\" viewBox=\"0 0 576 512\" xmlns=\"http:\/\/www.w3.org\/2000\/svg\"><path d=\"M259.3 17.8L194 150.2 47.9 171.5c-26.2 3.8-36.7 36.1-17.7 54.6l105.7 103-25 145.5c-4.5 26.3 23.2 46 46.4 33.7L288 439.6l130.7 68.7c23.2 12.2 50.9-7.4 46.4-33.7l-25-145.5 105.7-103c19-18.5 8.5-50.8-17.7-54.6L382 150.2 316.7 17.8c-11.7-23.6-45.6-23.9-57.4 0z\"><\/path><\/svg><\/div>\n\t\t\t\t\t\t<\/span>\n\t\t<\/div>\n\t\t\t\t\t\t<\/div>\n\t\t\t\t<\/div>\n\t\t\t\t\t<\/div>\n\t\t<\/div>\n\t\t\t\t\t<\/div>\n\t\t<\/section>\n\t\t\t\t<\/div>\n\t\t","protected":false},"excerpt":{"rendered":"<p>Desarrollo de Software Categorias que la componen Desarrollo Integral Esta categor\u00eda se interesa por cumplir con el proceso o ciclo del desarrollo del software en sus fases: An\u00e1lisis, Dise\u00f1o de la soluci\u00f3n, Codificaci\u00f3n, Pruebas, Implementaci\u00f3n y Mantenimiento. Independientemente de la tecnolog\u00eda utilizada y el entorno (Web o Escritorio) de su puesta en producci\u00f3n; pero respetando&#8230;<\/p>\n","protected":false},"author":1,"featured_media":0,"parent":0,"menu_order":0,"comment_status":"closed","ping_status":"closed","template":"elementor_header_footer","meta":{"footnotes":""},"class_list":["post-1416","page","type-page","status-publish","hentry","texture-woo-product-list","opn-qv-enable","software-elementor-woo-hover-","open-single-product-tab-horizontal","open-shadow-","open-shadow-hover-"],"_links":{"self":[{"href":"https:\/\/senasoft.cloudsenactpi.net\/index.php\/wp-json\/wp\/v2\/pages\/1416","targetHints":{"allow":["GET"]}}],"collection":[{"href":"https:\/\/senasoft.cloudsenactpi.net\/index.php\/wp-json\/wp\/v2\/pages"}],"about":[{"href":"https:\/\/senasoft.cloudsenactpi.net\/index.php\/wp-json\/wp\/v2\/types\/page"}],"author":[{"embeddable":true,"href":"https:\/\/senasoft.cloudsenactpi.net\/index.php\/wp-json\/wp\/v2\/users\/1"}],"replies":[{"embeddable":true,"href":"https:\/\/senasoft.cloudsenactpi.net\/index.php\/wp-json\/wp\/v2\/comments?post=1416"}],"version-history":[{"count":49,"href":"https:\/\/senasoft.cloudsenactpi.net\/index.php\/wp-json\/wp\/v2\/pages\/1416\/revisions"}],"predecessor-version":[{"id":1647,"href":"https:\/\/senasoft.cloudsenactpi.net\/index.php\/wp-json\/wp\/v2\/pages\/1416\/revisions\/1647"}],"wp:attachment":[{"href":"https:\/\/senasoft.cloudsenactpi.net\/index.php\/wp-json\/wp\/v2\/media?parent=1416"}],"curies":[{"name":"wp","href":"https:\/\/api.w.org\/{rel}","templated":true}]}}